{"id":983,"date":"2019-09-26T13:09:20","date_gmt":"2019-09-26T13:09:20","guid":{"rendered":"https:\/\/freshgate.org\/quality\/"},"modified":"2019-11-08T15:57:31","modified_gmt":"2019-11-08T15:57:31","slug":"calidad","status":"publish","type":"page","link":"https:\/\/freshgate.org\/es\/calidad\/","title":{"rendered":"Calidad"},"content":{"rendered":"<div class=\"wpb-content-wrapper\"><p>[vc_row][vc_column offset=&#8221;vc_hidden-xs&#8221;]<div class=\"sc_section our_story_section margin_top_null margin_bottom_huge\"><div class=\"sc_section_image\" style=\"background-color: #ffffff\"><img loading=\"lazy\" decoding=\"async\" class=\"wp-post-image\" width=\"63\" height=\"46\" alt=\"Depositphotos_5896747_original.png\" src=\"https:\/\/freshgate.org\/wp-content\/uploads\/2016\/06\/Depositphotos_5896747_original-63x46.png\"><\/div><div class=\"sc_section_inner\"><div class=\"sc_section_content_wrap\">[vc_empty_space height=&#8221;0.5em&#8221;]<h2 class=\"sc_title sc_title_iconed sc_align_center margin_top_huge\" style=\"text-align:center;\"><span class=\"sc_title_icon sc_title_icon_top  sc_title_icon_large\"><img decoding=\"async\" src=\"https:\/\/freshgate.org\/wp-content\/uploads\/2016\/06\/title_img.png\" alt=\"\" \/><\/span>Calidad<\/h2>[vc_empty_space height=&#8221;0.5em&#8221;]<div class=\"sc_section sc_section_block \"><div class=\"sc_section_inner\"><div class=\"sc_section_content_wrap\"><div class=\"columns_wrap sc_columns columns_nofluid sc_columns_count_12 margin_bottom_tiny\"><div class=\"column-5_12 sc_column_item sc_column_item_1 odd first span_5\" style=\"text-align:center;\"><figure class=\"sc_image  sc_image_shape_square\"><img decoding=\"async\" src=\"https:\/\/freshgate.org\/wp-content\/uploads\/2019\/10\/quality.jpg\" alt=\"\" \/><\/figure><\/div><div class=\"column-7_12 sc_column_item sc_column_item_6 even span_7\">[vc_empty_space height=&#8221;1.1em&#8221;][vc_column_text]La seguridad alimentaria de nuestros productos es uno de los pilares esenciales de nuestro trabajo.<br \/>\nSolo a trav\u00e9s de una supervisi\u00f3n continua de cada proceso y con la ayuda de los mejores profesionales y tecnolog\u00edas, podemos ofrecer productos de alta calidad con seguridad alimentaria est\u00e1 totalmente garantizada.<br \/>\nCreamos procesos y soluciones innovadores para optimizar nuestro rendimiento y mantener nuestra ventaja competitiva.<br \/>\nTrabajamos para seguir siendo una referencia mundial en la producci\u00f3n y la comercia de aceitunas de mesa.<br \/>\nUtilizamos nuestros recursos de manera efectiva para planificar, lograr y entregar objetivos a las partes interesadas.<br \/>\nEl procesamiento, el envasado y la comercia de sus productos con un est\u00e1ndar extremadamente alto que satisface a nuestros clientes y nos diferencia de nuestros competidores.<br \/>\nNos esforzamos constantemente por evolucionar hacia mejoras continuas en nuestros procesos y la velocidad y puntualidad de nuestro servicio.[\/vc_column_text]<\/div><\/div><\/div><\/div><\/div>[vc_empty_space height=&#8221;1.1em&#8221;]<\/div><\/div><\/div>[\/vc_column][\/vc_row]<\/p>\n<\/div>","protected":false},"excerpt":{"rendered":"<p>[vc_row][vc_column offset=&#8221;vc_hidden-xs&#8221;][\/vc_column][\/vc_row]<\/p>\n","protected":false},"author":1,"featured_media":0,"parent":0,"menu_order":0,"comment_status":"closed","ping_status":"closed","template":"","meta":{"_monsterinsights_skip_tracking":false,"_monsterinsights_sitenote_active":false,"_monsterinsights_sitenote_note":"","_monsterinsights_sitenote_category":0,"footnotes":""},"class_list":["post-983","page","type-page","status-publish","hentry"],"_links":{"self":[{"href":"https:\/\/freshgate.org\/es\/wp-json\/wp\/v2\/pages\/983","targetHints":{"allow":["GET"]}}],"collection":[{"href":"https:\/\/freshgate.org\/es\/wp-json\/wp\/v2\/pages"}],"about":[{"href":"https:\/\/freshgate.org\/es\/wp-json\/wp\/v2\/types\/page"}],"author":[{"embeddable":true,"href":"https:\/\/freshgate.org\/es\/wp-json\/wp\/v2\/users\/1"}],"replies":[{"embeddable":true,"href":"https:\/\/freshgate.org\/es\/wp-json\/wp\/v2\/comments?post=983"}],"version-history":[{"count":2,"href":"https:\/\/freshgate.org\/es\/wp-json\/wp\/v2\/pages\/983\/revisions"}],"predecessor-version":[{"id":988,"href":"https:\/\/freshgate.org\/es\/wp-json\/wp\/v2\/pages\/983\/revisions\/988"}],"wp:attachment":[{"href":"https:\/\/freshgate.org\/es\/wp-json\/wp\/v2\/media?parent=983"}],"curies":[{"name":"wp","href":"https:\/\/api.w.org\/{rel}","templated":true}]}}