{"id":978,"date":"2016-06-10T11:18:13","date_gmt":"2016-06-10T11:18:13","guid":{"rendered":"https:\/\/freshgate.org\/about-us\/"},"modified":"2019-11-08T15:51:54","modified_gmt":"2019-11-08T15:51:54","slug":"quienes-somos","status":"publish","type":"page","link":"https:\/\/freshgate.org\/es\/quienes-somos\/","title":{"rendered":"QUI\u00c9NES SOMOS"},"content":{"rendered":"<div class=\"wpb-content-wrapper\"><p>[vc_row][vc_column offset=&#8221;vc_hidden-xs&#8221;]<div class=\"sc_section our_story_section margin_top_null margin_bottom_huge\"><div class=\"sc_section_image\" style=\"background-color: #ffffff\"><img loading=\"lazy\" decoding=\"async\" class=\"wp-post-image\" width=\"63\" height=\"46\" alt=\"Depositphotos_5896747_original.png\" src=\"https:\/\/freshgate.org\/wp-content\/uploads\/2016\/06\/Depositphotos_5896747_original-63x46.png\"><\/div><div class=\"sc_section_inner\"><div class=\"sc_section_content_wrap\">[vc_empty_space height=&#8221;0.5em&#8221;]<h2 class=\"sc_title sc_title_iconed sc_align_center margin_top_huge\" style=\"text-align:center;\"><span class=\"sc_title_icon sc_title_icon_top  sc_title_icon_large\"><img decoding=\"async\" src=\"https:\/\/freshgate.org\/wp-content\/uploads\/2016\/06\/title_img.png\" alt=\"\" \/><\/span>Nuestra historia<\/h2>[vc_empty_space height=&#8221;0.5em&#8221;]<div class=\"sc_section sc_section_block  bd_section\"><div class=\"sc_section_inner\"><div class=\"sc_section_content_wrap\"><div class=\"columns_wrap sc_columns columns_nofluid sc_columns_count_12 margin_bottom_tiny\"><div class=\"column-5_12 sc_column_item sc_column_item_1 odd first span_5\" style=\"text-align:center;\"><figure class=\"sc_image  sc_image_shape_square\"><img decoding=\"async\" src=\"https:\/\/freshgate.org\/wp-content\/uploads\/2019\/09\/whole-green-manzanilla.jpg\" alt=\"\" \/><\/figure><\/div><div class=\"column-7_12 sc_column_item sc_column_item_6 even span_7\">[vc_empty_space height=&#8221;1.1em&#8221;][vc_column_text]<strong>Fresh Gate<\/strong> es sin\u00f3nimo de experiencia, innovaci\u00f3n y calidad. Con m\u00e1s de 15 a\u00f1os de historia, tenemos el conocimiento necesario para estar presentes en un mercado competitivo que experimenta una transformaci\u00f3n continua.<\/p>\n<p><strong>Fresh Gate<\/strong> ofrece una amplia variedad de productos basados \u200b\u200ben una rigurosa selecci\u00f3n, modernos sistemas de fabricaci\u00f3n junto con estrictos controles de calidad.<\/p>\n<p>M\u00e1s de 15 a\u00f1os de experiencia han fomentado un profundo conocimiento de la materia prima y las posibilidades de optimizar cada proceso para ajustar el producto a las necesidades de nuestros clientes en todo el mundo.<\/p>\n<p>El hecho que nos hace \u00fanicos es nuestra pasi\u00f3n por los productos naturales puros, fabricamos productos naturales puros y estamos comprometidos a satisfacernos a nosotros mismos y a nuestros socios en todas partes.<\/p>\n<p>Total calidad es parte de la filosof\u00eda de trabajo de <strong>Fresh Gate<\/strong>.[\/vc_column_text]<\/div><\/div><\/div><\/div><\/div>[vc_empty_space height=&#8221;1.1em&#8221;]<\/div><\/div><\/div>[\/vc_column][\/vc_row][vc_row full_width=&#8221;stretch_row&#8221; css=&#8221;.vc_custom_1467118389148{padding-bottom: 0.45em !important;background-color: #f9f7f2 !important;}&#8221;][vc_column]<div class=\"sc_section margin_top_null margin_bottom_small\"><div class=\"sc_section_image\" style=\"background-color: #f9f7f2\"><img loading=\"lazy\" decoding=\"async\" class=\"wp-post-image\" width=\"63\" height=\"46\" alt=\"Depositphotos_5896747_original.png\" src=\"https:\/\/freshgate.org\/wp-content\/uploads\/2016\/06\/Depositphotos_5896747_original-63x46.png\"><\/div><div class=\"sc_section_inner\"><div class=\"sc_section_content_wrap\"><div class=\"columns_wrap sc_columns columns_nofluid sc_columns_count_2\"><div class=\"column-1_2 sc_column_item sc_column_item_1 odd first\"><h2 class=\"sc_title sc_title_iconed sc_align_center margin_top_huge\" style=\"text-align:center;\"><span class=\"sc_title_icon sc_title_icon_top  sc_title_icon_large\"><img decoding=\"async\" src=\"https:\/\/freshgate.org\/wp-content\/uploads\/2016\/06\/title_img.png\" alt=\"\" \/><\/span>Misi\u00f3n<\/h2>[vc_column_text]Nuestra misi\u00f3n es producir productos seguros que cumplan con los requisitos de nuestros clientes con un servicio y competitividad por encima de sus expectativas, agregamos valor a nuestros clientes con productos saludables y una rentabilidad \u00f3ptima.<\/p>\n<p>Crear valor para nuestra empresa y nuestros clientes facilitando transacciones comerciales exitosas de manera eficiente y transparente, proporcionando calidad manteniendo un seguimiento continuo y ampliando la gama de productos y mercados.<\/p>\n<p>Calidad, servicio, atenci\u00f3n, proximidad, flexibilidad &#8230; son palabras que resumen nuestra forma de vida y trabajo, y ciertamente somos diferentes.[\/vc_column_text]<\/div><div class=\"column-1_2 sc_column_item sc_column_item_2 even\"><h2 class=\"sc_title sc_title_iconed sc_align_center margin_top_huge\" style=\"text-align:center;\"><span class=\"sc_title_icon sc_title_icon_top  sc_title_icon_large\"><img decoding=\"async\" src=\"https:\/\/freshgate.org\/wp-content\/uploads\/2016\/06\/title_img.png\" alt=\"\" \/><\/span>Visi\u00f3n<\/h2>[vc_column_text]Nuestro objetivo es ser una empresa l\u00edder en el campo de las aceitunas a nivel local e internacional a trav\u00e9s de nuestro compromiso con nuestros clientes y la calidad de nuestros productos, que es el objetivo principal de <strong>Fresh Gate<\/strong>.[\/vc_column_text]<\/div><\/div>[vc_empty_space height=&#8221;0.5em&#8221;]<\/div><\/div><\/div>[\/vc_column][\/vc_row][vc_row][vc_column offset=&#8221;vc_hidden-xs&#8221;]<div class=\"sc_section our_story_section margin_top_null margin_bottom_huge\"><div class=\"sc_section_image\" style=\"background-color: #ffffff\"><img loading=\"lazy\" decoding=\"async\" class=\"wp-post-image\" width=\"63\" height=\"46\" alt=\"Depositphotos_5896747_original.png\" src=\"https:\/\/freshgate.org\/wp-content\/uploads\/2016\/06\/Depositphotos_5896747_original-63x46.png\"><\/div><div class=\"sc_section_inner\"><div class=\"sc_section_content_wrap\">[vc_empty_space height=&#8221;0.5em&#8221;]<h2 class=\"sc_title sc_title_iconed sc_align_center margin_top_huge\" style=\"text-align:center;\"><span class=\"sc_title_icon sc_title_icon_top  sc_title_icon_large\"><img decoding=\"async\" src=\"https:\/\/freshgate.org\/wp-content\/uploads\/2016\/06\/title_img.png\" alt=\"\" \/><\/span>Nuestras Instalaciones<\/h2>[vc_empty_space height=&#8221;0.5em&#8221;][vc_column_text]<strong>Fresh Gate<\/strong> opera en plantas privadas y modernas con equipos mec\u00e1nicos completos, con personal con experiencia y aumentando la capacidad de producci\u00f3n diaria.<\/p>\n<p>Planta de olivas de <strong>Fresh Gate<\/strong>, que ha estado activa desde 2017. La planta tiene 10.000 m2 ubicados en la zona industrial de Sadat, en la provencia de Menoufya. Y su capacidad es de 10.000 toneladas.<\/p>\n<p>Un nuevo complemento para la capacidad de Fresh Gate es que se est\u00e1 construyendo una nueva planta. La planta tiene 22,000 m2 ubicados en Alex-Cairo Desert Road (la comunidad de Al Huda). Y su capacidad es de 20,000 toneladas.[\/vc_column_text][vc_empty_space height=&#8221;1.1em&#8221;]<\/div><\/div><\/div>[\/vc_column][\/vc_row]<\/p>\n<\/div>","protected":false},"excerpt":{"rendered":"<p>[vc_row][vc_column offset=&#8221;vc_hidden-xs&#8221;][\/vc_column][\/vc_row][vc_row full_width=&#8221;stretch_row&#8221; css=&#8221;.vc_custom_1467118389148{padding-bottom: 0.45em !important;background-color: #f9f7f2 !important;}&#8221;][vc_column][\/vc_column][\/vc_row][vc_row][vc_column offset=&#8221;vc_hidden-xs&#8221;][\/vc_column][\/vc_row]<\/p>\n","protected":false},"author":1,"featured_media":0,"parent":0,"menu_order":0,"comment_status":"closed","ping_status":"closed","template":"","meta":{"_monsterinsights_skip_tracking":false,"_monsterinsights_sitenote_active":false,"_monsterinsights_sitenote_note":"","_monsterinsights_sitenote_category":0,"footnotes":""},"class_list":["post-978","page","type-page","status-publish","hentry"],"_links":{"self":[{"href":"https:\/\/freshgate.org\/es\/wp-json\/wp\/v2\/pages\/978","targetHints":{"allow":["GET"]}}],"collection":[{"href":"https:\/\/freshgate.org\/es\/wp-json\/wp\/v2\/pages"}],"about":[{"href":"https:\/\/freshgate.org\/es\/wp-json\/wp\/v2\/types\/page"}],"author":[{"embeddable":true,"href":"https:\/\/freshgate.org\/es\/wp-json\/wp\/v2\/users\/1"}],"replies":[{"embeddable":true,"href":"https:\/\/freshgate.org\/es\/wp-json\/wp\/v2\/comments?post=978"}],"version-history":[{"count":3,"href":"https:\/\/freshgate.org\/es\/wp-json\/wp\/v2\/pages\/978\/revisions"}],"predecessor-version":[{"id":982,"href":"https:\/\/freshgate.org\/es\/wp-json\/wp\/v2\/pages\/978\/revisions\/982"}],"wp:attachment":[{"href":"https:\/\/freshgate.org\/es\/wp-json\/wp\/v2\/media?parent=978"}],"curies":[{"name":"wp","href":"https:\/\/api.w.org\/{rel}","templated":true}]}}