{"id":973,"date":"2016-06-15T12:38:13","date_gmt":"2016-06-15T12:38:13","guid":{"rendered":"https:\/\/freshgate.org\/homepage\/"},"modified":"2019-11-08T17:48:18","modified_gmt":"2019-11-08T17:48:18","slug":"inicio","status":"publish","type":"page","link":"https:\/\/freshgate.org\/es\/","title":{"rendered":"Inicio"},"content":{"rendered":"<div class=\"wpb-content-wrapper\"><p>[vc_row full_width=&#8221;stretch_row&#8221;][vc_column]<div class=\"sc_section our_story_section margin_top_null margin_bottom_large\"><div class=\"sc_section_image\" style=\"background-color: #ffffff\"><img loading=\"lazy\" decoding=\"async\" class=\"wp-post-image\" width=\"63\" height=\"46\" alt=\"Depositphotos_5896747_original.png\" src=\"https:\/\/freshgate.org\/wp-content\/uploads\/2016\/06\/Depositphotos_5896747_original-63x46.png\"><\/div><div class=\"sc_section_inner\"><div class=\"sc_section_content_wrap\">[vc_empty_space height=&#8221;0.5em&#8221;]<h2 class=\"sc_title sc_title_iconed sc_align_center margin_top_huge\" style=\"text-align:center;\"><span class=\"sc_title_icon sc_title_icon_top  sc_title_icon_large\"><img decoding=\"async\" src=\"https:\/\/freshgate.org\/wp-content\/uploads\/2016\/06\/title_img.png\" alt=\"\" \/><\/span>Nuestra historia<\/h2>[vc_empty_space height=&#8221;0.5em&#8221;]<div class=\"sc_section sc_section_block  bd_section\"><div class=\"sc_section_inner\"><div class=\"sc_section_content_wrap\"><div class=\"columns_wrap sc_columns columns_nofluid sc_columns_count_12 margin_bottom_tiny\"><div class=\"column-5_12 sc_column_item sc_column_item_1 odd first span_5\" style=\"text-align:center;\"><figure class=\"sc_image  sc_image_shape_square\"><img decoding=\"async\" src=\"https:\/\/freshgate.org\/wp-content\/uploads\/2019\/09\/whole-green-manzanilla.jpg\" alt=\"\" \/><\/figure><\/div><div class=\"column-7_12 sc_column_item sc_column_item_6 even span_7\">[vc_empty_space height=&#8221;30px&#8221;][vc_column_text]<strong>Fresh Gate<\/strong> es sin\u00f3nimo de experiencia, innovaci\u00f3n y calidad. Con m\u00e1s de 15 a\u00f1os de historia, tenemos el conocimiento necesario para estar presentes en un mercado competitivo que experimenta una transformaci\u00f3n continua.<\/p>\n<p><strong>Fresh Gate<\/strong> ofrece una amplia variedad de productos basados \u200b\u200ben una rigurosa selecci\u00f3n, modernos sistemas de fabricaci\u00f3n junto con estrictos controles de calidad.<\/p>\n<p>M\u00e1s de 15 a\u00f1os de experiencia han fomentado un profundo conocimiento de la materia prima y las posibilidades de optimizar cada proceso para ajustar el producto a las necesidades de nuestros clientes en todo el mundo.<\/p>\n<p>El hecho que nos hace \u00fanicos es nuestra pasi\u00f3n por los productos naturales puros, fabricamos productos naturales puros y estamos comprometidos a satisfacernos a nosotros mismos y a nuestros socios en todas partes.<\/p>\n<p>Total calidad es parte de la filosof\u00eda de trabajo de <strong>Fresh Gate<\/strong>.[\/vc_column_text]<\/div><\/div><\/div><\/div><\/div>[vc_empty_space height=&#8221;1.1em&#8221;]<\/div><\/div><\/div>[\/vc_column][\/vc_row][vc_row full_width=&#8221;stretch_row&#8221; inverse=&#8221;&#8221; css=&#8221;.vc_custom_1570015472983{padding-top: 4.4em !important;padding-bottom: 5.2em !important;background-image: url(https:\/\/freshgate.org\/wp-content\/uploads\/2019\/09\/shutterstock_537370735-1-1.jpg?id=830) !important;background-position: center !important;background-repeat: no-repeat !important;background-size: cover !important;}&#8221;][vc_column]<h1 class=\"sc_title sc_title_regular sc_align_center margin_top_huge margin_bottom_huge\" style=\"line-height:1.2;text-align:center;color:#e9e4d0;\">La poes\u00eda de las aceitunas para el coraz\u00f3n inspiraci\u00f3n culinaria<\/h1>[\/vc_column][\/vc_row][vc_row full_width=&#8221;stretch_row&#8221; css=&#8221;.vc_custom_1467118389148{padding-bottom: 0.45em !important;background-color: #f9f7f2 !important;}&#8221;][vc_column]<div class=\"sc_section margin_top_null margin_bottom_small\"><div class=\"sc_section_image\" style=\"background-color: #f9f7f2\"><img loading=\"lazy\" decoding=\"async\" class=\"wp-post-image\" width=\"63\" height=\"46\" alt=\"Depositphotos_5896747_original.png\" src=\"https:\/\/freshgate.org\/wp-content\/uploads\/2016\/06\/Depositphotos_5896747_original-63x46.png\"><\/div><div class=\"sc_section_inner\"><div class=\"sc_section_content_wrap\">[vc_empty_space height=&#8221;0.5em&#8221;]<h2 class=\"sc_title sc_title_iconed sc_align_center margin_top_huge\" style=\"text-align:center;\"><span class=\"sc_title_icon sc_title_icon_top  sc_title_icon_large\"><img decoding=\"async\" src=\"https:\/\/freshgate.org\/wp-content\/uploads\/2016\/06\/title_img.png\" alt=\"\" \/><\/span>Nuestros productos<\/h2><div id=\"sc_services_1133545357_wrap\" class=\"sc_services_wrap\"><div id=\"sc_services_1133545357\" class=\"sc_services sc_services_style_services-1 sc_services_type_images  margin_top_null margin_bottom_small\" style=\"width:100%;\"><div class=\"sc_columns columns_wrap\"><div class=\"column-1_3 column_padding_bottom\">\t\t\t<div id=\"sc_services_1133545357_1\"\t\t\t\tclass=\"sc_services_item sc_services_item_1 odd first\"\n\t\t\t\t>\n\t\t\t\t\t\t\t\t\t<div class=\"sc_services_item_featured post_featured\">\n\t\t\t\t\t\t\t<div class=\"post_thumb\" data-image=\"https:\/\/freshgate.org\/wp-content\/uploads\/2016\/06\/oxdized-olive-pitted-1.jpg\" data-title=\"Aceitunas oxidized\">\n\t<a class=\"hover_icon hover_icon_link\" href=\"https:\/\/freshgate.org\/es\/services\/aceitunas-oxidized\/\"><img loading=\"lazy\" decoding=\"async\" class=\"wp-post-image\" width=\"370\" height=\"270\" alt=\"Aceitunas oxidized\" src=\"https:\/\/freshgate.org\/wp-content\/uploads\/2016\/06\/oxdized-olive-pitted-1-370x270.jpg\"><\/a>\t<\/div>\n\t\t\t\t\t\t<\/div>\n\t\t\t\t\t\t\t\t\t<div class=\"sc_services_item_content\">\n\t\t\t\t\t<h4 class=\"sc_services_item_title\"><a href=\"https:\/\/freshgate.org\/es\/services\/aceitunas-oxidized\/\">Aceitunas oxidized<\/a><\/h4>\n\t\t\t\t\t<div class=\"sc_services_item_description\">\n\t\t\t\t\t\t<p>[vc_row full_width=&#8221;stretch_row_content&#8221;][vc_column width=&#8221;1\/4&#8243;][\/vc_column][vc_column...<\/p>\t\t\t\t\t<\/div>\n\t\t\t\t<\/div>\n\t\t\t<\/div>\n\t\t<\/div><div class=\"column-1_3 column_padding_bottom\">\t\t\t<div id=\"sc_services_1133545357_2\"\t\t\t\tclass=\"sc_services_item sc_services_item_2 even\"\n\t\t\t\t>\n\t\t\t\t\t\t\t\t\t<div class=\"sc_services_item_featured post_featured\">\n\t\t\t\t\t\t\t<div class=\"post_thumb\" data-image=\"https:\/\/freshgate.org\/wp-content\/uploads\/2016\/06\/Black-natural-Manzanilla-1.jpg\" data-title=\"Aceitunas negras naturales\">\n\t<a class=\"hover_icon hover_icon_link\" href=\"https:\/\/freshgate.org\/es\/services\/aceitunas-negras-naturales\/\"><img loading=\"lazy\" decoding=\"async\" class=\"wp-post-image\" width=\"370\" height=\"270\" alt=\"Aceitunas negras naturales\" src=\"https:\/\/freshgate.org\/wp-content\/uploads\/2016\/06\/Black-natural-Manzanilla-1-370x270.jpg\"><\/a>\t<\/div>\n\t\t\t\t\t\t<\/div>\n\t\t\t\t\t\t\t\t\t<div class=\"sc_services_item_content\">\n\t\t\t\t\t<h4 class=\"sc_services_item_title\"><a href=\"https:\/\/freshgate.org\/es\/services\/aceitunas-negras-naturales\/\">Aceitunas negras naturales<\/a><\/h4>\n\t\t\t\t\t<div class=\"sc_services_item_description\">\n\t\t\t\t\t\t<p>[vc_row full_width=&#8221;stretch_row_content&#8221; css=&#8221;.vc_custom_1569925302013{padding-top: 10px...<\/p>\t\t\t\t\t<\/div>\n\t\t\t\t<\/div>\n\t\t\t<\/div>\n\t\t<\/div><div class=\"column-1_3 column_padding_bottom\">\t\t\t<div id=\"sc_services_1133545357_3\"\t\t\t\tclass=\"sc_services_item sc_services_item_3 odd\"\n\t\t\t\t>\n\t\t\t\t\t\t\t\t\t<div class=\"sc_services_item_featured post_featured\">\n\t\t\t\t\t\t\t<div class=\"post_thumb\" data-image=\"https:\/\/freshgate.org\/wp-content\/uploads\/2016\/06\/Green-whole-Picual.jpg\" data-title=\"Aceitunas verde\">\n\t<a class=\"hover_icon hover_icon_link\" href=\"https:\/\/freshgate.org\/es\/services\/aceitunas-verde\/\"><img loading=\"lazy\" decoding=\"async\" class=\"wp-post-image\" width=\"370\" height=\"270\" alt=\"Aceitunas verde\" src=\"https:\/\/freshgate.org\/wp-content\/uploads\/2016\/06\/Green-whole-Picual-370x270.jpg\"><\/a>\t<\/div>\n\t\t\t\t\t\t<\/div>\n\t\t\t\t\t\t\t\t\t<div class=\"sc_services_item_content\">\n\t\t\t\t\t<h4 class=\"sc_services_item_title\"><a href=\"https:\/\/freshgate.org\/es\/services\/aceitunas-verde\/\">Aceitunas verde<\/a><\/h4>\n\t\t\t\t\t<div class=\"sc_services_item_description\">\n\t\t\t\t\t\t<p>[vc_row full_width=&#8221;stretch_row_content&#8221; css=&#8221;.vc_custom_1569925302013{padding-top: 10px...<\/p>\t\t\t\t\t<\/div>\n\t\t\t\t<\/div>\n\t\t\t<\/div>\n\t\t<\/div><\/div><\/div><!-- \/.sc_services --><\/div><!-- \/.sc_services_wrap --><\/div><\/div><\/div>[\/vc_column][\/vc_row][vc_row full_width=&#8221;stretch_row&#8221; disable_element=&#8221;yes&#8221; inverse=&#8221;&#8221;][vc_column]<div class=\"sc_section slider_section margin_top_large\"><div class=\"sc_section_inner\"><div class=\"sc_section_content_wrap\">[vc_empty_space height=&#8221;2.2em&#8221;]<h2 class=\"sc_title sc_title_iconed sc_align_center margin_top_tiny\" style=\"text-align:center;\"><span class=\"sc_title_icon sc_title_icon_top  sc_title_icon_large\"><img decoding=\"async\" src=\"https:\/\/freshgate.org\/wp-content\/uploads\/2016\/06\/title_img.png\" alt=\"\" \/><\/span>Our Range<\/h2>[vc_empty_space height=&#8221;0.5em&#8221;]<div class=\"columns_wrap sc_columns columns_nofluid no_margins sc_columns_count_3\"><div class=\"column-2_3 sc_column_item sc_column_item_1 odd first span_2\"><div class=\"cq-coverslider  navigation-float-left tinyshadow customized navigation-isfloat\" data-imagemaxheight=\"300\" data-buttonbackground=\"#ffcf00\" data-buttonhoverbackground=\"rgba(55,62,68,0.3)\" data-contentbackground=\"\" data-contentcolor=\"#586067\" data-arrowcolor=\"#586067\" data-arrowhovercolor=\"#586067\" data-delaytime=\"no\"><div class=\"cq-coverslider-navigation btn-large\"><div class=\"coverslider-navigation-prev\"><i class=\"cq-coverslider-icon entypo-icon entypo-icon-left-open-big\"><\/i><\/div><div class=\"coverslider-navigation-next\"><i class=\"cq-coverslider-icon entypo-icon entypo-icon-right-open-big\"><\/i><\/div><\/div><div class=\"cq-coverslider-area btn-large square\"><div class=\"cq-coverslider-cover\"><div class=\"cq-coverslider-itemcontainer\"><div class=\"cq-coverslider-imageitem\"><img decoding=\"async\" src=\"https:\/\/freshgate.org\/wp-content\/uploads\/2016\/06\/slide_bg_1.jpg\" class=\"cq-coverslider-image\" alt=\"\"><\/div><div class=\"cq-coverslider-imageitem\"><img decoding=\"async\" src=\"https:\/\/freshgate.org\/wp-content\/uploads\/2016\/06\/slide_bg_2.jpg\" class=\"cq-coverslider-image\" alt=\"\"><\/div><\/div><\/div><div class=\"cq-coverslider-content\"><div class=\"cq-coverslider-contentitem\"><\/div><div class=\"cq-coverslider-contentitem\"><\/div><\/div><\/div><\/div><\/div><div class=\"column-1_3 sc_column_item sc_column_item_3 odd after_span_2\"><div class=\"sc_column_item_inner\" style=\"background-image:url(https:\/\/freshgate.org\/wp-content\/uploads\/2016\/06\/background-4.jpg);background-repeat:no-repeat;background-size:cover;\"><div class=\"sc_section sc_section_block margin_bottom_large aligncenter\"><div class=\"sc_section_inner\"><div class=\"sc_section_content_wrap\"><figure class=\"sc_image  sc_image_shape_square margin_top_small margin_bottom_null\"><img decoding=\"async\" src=\"https:\/\/freshgate.org\/wp-content\/uploads\/2016\/06\/icon-1.png\" alt=\"\" \/><\/figure>[vc_empty_space height=&#8221;3.45em&#8221; el_class=&#8221;slider_es&#8221;]<h4 class=\"sc_title sc_title_regular sc_align_center margin_top_null margin_bottom_small\" style=\"text-align:center;\">Choose From Our Superb Range of Quality Oils, From Extra Virgin to Infused Oils!<\/h4><\/div><\/div><\/div><\/div><\/div><\/div><\/div><\/div><\/div>[\/vc_column][\/vc_row][vc_row disable_element=&#8221;yes&#8221; css=&#8221;.vc_custom_1569494093316{padding-top: 1.1em !important;}&#8221;][vc_column]<div class=\"sc_section margin_top_large\"><div class=\"sc_section_inner\"><div class=\"sc_section_content_wrap\"><div id=\"sc_services_1356983464_wrap\" class=\"sc_services_wrap\"><div id=\"sc_services_1356983464\" class=\"sc_services sc_services_style_services-2 sc_services_type_icons  margin_top_medium margin_bottom_medium\" style=\"width:100%;\"><div class=\"sc_columns columns_wrap\"><\/div><\/div><!-- \/.sc_services --><\/div><!-- \/.sc_services_wrap --><\/div><\/div><\/div>[\/vc_column][\/vc_row][vc_row full_width=&#8221;stretch_row&#8221; disable_element=&#8221;yes&#8221; inverse=&#8221;&#8221; css=&#8221;.vc_custom_1569494109172{padding-bottom: 2.3em !important;background-color: #f9f7f2 !important;}&#8221;][vc_column]<div class=\"sc_section margin_top_null margin_bottom_huge aligncenter\"><div class=\"sc_section_image\" style=\"background-color: #f9f7f2\"><img loading=\"lazy\" decoding=\"async\" class=\"wp-post-image\" width=\"63\" height=\"46\" alt=\"Depositphotos_5896747_original.png\" src=\"https:\/\/freshgate.org\/wp-content\/uploads\/2016\/06\/Depositphotos_5896747_original-63x46.png\"><\/div><div class=\"sc_section_inner\"><div class=\"sc_section_content_wrap\">[vc_empty_space height=&#8221;0.5em&#8221;]<h2 class=\"sc_title sc_title_iconed sc_align_center margin_top_huge\" style=\"text-align:center;\"><span class=\"sc_title_icon sc_title_icon_top  sc_title_icon_large\"><img decoding=\"async\" src=\"https:\/\/freshgate.org\/wp-content\/uploads\/2016\/06\/title_img.png\" alt=\"\" \/><\/span>New Products<\/h2>[vc_empty_space height=&#8221;0.5em&#8221;]<a href=\"\/shop\/\" class=\"sc_button sc_button_square sc_button_style_filled sc_button_size_medium margin_top_medium\">view all<\/a><\/div><\/div><\/div>[\/vc_column][\/vc_row][vc_row full_width=&#8221;stretch_row&#8221; inverse=&#8221;&#8221; css=&#8221;.vc_custom_1570015837169{padding-top: 2.4em !important;padding-bottom: 0.55em !important;background-image: url(https:\/\/freshgate.org\/wp-content\/uploads\/revslider\/home-1\/2.jpg?id=753) !important;background-position: center !important;background-repeat: no-repeat !important;background-size: cover !important;}&#8221;][vc_column]<div class=\"sc_section margin_top_huge margin_bottom_huge\"><div class=\"sc_section_inner\"><div class=\"sc_section_content_wrap\"><h1 class=\"sc_title sc_title_regular sc_align_center\" style=\"text-align:center;color:#e9e4d0;\">Beneficios para la salud de las aceitunas<\/h1><div id=\"sc_services_988864134_wrap\" class=\"sc_services_wrap\"><div id=\"sc_services_988864134\" class=\"sc_services sc_services_style_services-5 sc_services_type_icons  margin_top_medium margin_bottom_medium\" style=\"width:100%;\"><div class=\"sc_service_container sc_align_\"><div class=\"sc_services_image\"><img decoding=\"async\" src=\"https:\/\/freshgate.org\/wp-content\/uploads\/2016\/06\/image-30.jpg\" alt=\"image-30\"><\/div><div class=\"sc_columns columns_wrap\"><div class=\"column-1_2 column_padding_bottom\">\t\t\t<div id=\"sc_services_988864134_1\"\t\t\t\tclass=\"sc_services_item sc_services_item_1 odd first\"\n\t\t\t\t>\n\t\t\t\t<a href=\"https:\/\/freshgate.org\/es\/services\/previene-ataques-al-corazon\/\"><span class=\"services_counter\">1.<\/span><\/a>\t\t\t\t<div class=\"sc_services_item_content\">\n\t\t\t\t\t<h4 class=\"sc_services_item_title\"><a href=\"https:\/\/freshgate.org\/es\/services\/previene-ataques-al-corazon\/\">Previene ataques al coraz\u00f3n<\/a><\/h4>\n\t\t\t\t\t<div class=\"sc_services_item_description\">\n\t\t\t\t\t\t<p>El colesterol alto y la presi\u00f3n arterial son factores de riesgo de enfermedad card\u00edaca.<\/p>\t\t\t\t\t<\/div>\n\t\t\t\t<\/div>\n\t\t\t<\/div>\n\t\t<\/div><div class=\"column-1_2 column_padding_bottom\">\t\t\t<div id=\"sc_services_988864134_2\"\t\t\t\tclass=\"sc_services_item sc_services_item_2 even\"\n\t\t\t\t>\n\t\t\t\t<a href=\"https:\/\/freshgate.org\/es\/services\/salud-osea-mejorada\/\"><span class=\"services_counter\">2.<\/span><\/a>\t\t\t\t<div class=\"sc_services_item_content\">\n\t\t\t\t\t<h4 class=\"sc_services_item_title\"><a href=\"https:\/\/freshgate.org\/es\/services\/salud-osea-mejorada\/\">Salud \u00f3sea mejorada<\/a><\/h4>\n\t\t\t\t\t<div class=\"sc_services_item_description\">\n\t\t\t\t\t\t<p>La osteoporosis se caracteriza por una disminuci\u00f3n de la masa \u00f3sea y la calidad \u00f3sea. Puede aumentar su riesgo de fracturas.<\/p>\t\t\t\t\t<\/div>\n\t\t\t\t<\/div>\n\t\t\t<\/div>\n\t\t<\/div><div class=\"column-1_2 column_padding_bottom\">\t\t\t<div id=\"sc_services_988864134_3\"\t\t\t\tclass=\"sc_services_item sc_services_item_3 odd\"\n\t\t\t\t>\n\t\t\t\t<a href=\"https:\/\/freshgate.org\/es\/services\/prevencion-de-cancer\/\"><span class=\"services_counter\">3.<\/span><\/a>\t\t\t\t<div class=\"sc_services_item_content\">\n\t\t\t\t\t<h4 class=\"sc_services_item_title\"><a href=\"https:\/\/freshgate.org\/es\/services\/prevencion-de-cancer\/\">Prevenci\u00f3n de cancer<\/a><\/h4>\n\t\t\t\t\t<div class=\"sc_services_item_description\">\n\t\t\t\t\t\t<p>Las aceitunas y el aceite de oliva se consumen en comun en la regi\u00f3n mediterr\u00e1nea<\/p>\t\t\t\t\t<\/div>\n\t\t\t\t<\/div>\n\t\t\t<\/div>\n\t\t<\/div><div class=\"column-1_2 column_padding_bottom\">\t\t\t<div id=\"sc_services_988864134_4\"\t\t\t\tclass=\"sc_services_item sc_services_item_4 even\"\n\t\t\t\t>\n\t\t\t\t<a href=\"https:\/\/freshgate.org\/es\/services\/salud-del-tracto-digestive\/\"><span class=\"services_counter\">4.<\/span><\/a>\t\t\t\t<div class=\"sc_services_item_content\">\n\t\t\t\t\t<h4 class=\"sc_services_item_title\"><a href=\"https:\/\/freshgate.org\/es\/services\/salud-del-tracto-digestive\/\">Salud del tracto digestive<\/a><\/h4>\n\t\t\t\t\t<div class=\"sc_services_item_description\">\n\t\t\t\t\t\t<p>El consumo frecuente tanto de vitamina E como de grasas monoinsaturadas en las aceitunas negras se asocia con tasas m\u00e1s bajas de c\u00e1ncer de...<\/p>\t\t\t\t\t<\/div>\n\t\t\t\t<\/div>\n\t\t\t<\/div>\n\t\t<\/div><div class=\"column-1_2 column_padding_bottom\">\t\t\t<div id=\"sc_services_988864134_5\"\t\t\t\tclass=\"sc_services_item sc_services_item_5 odd\"\n\t\t\t\t>\n\t\t\t\t<a href=\"https:\/\/freshgate.org\/es\/services\/salud-de-la-piel-y-el-cabello\/\"><span class=\"services_counter\">5.<\/span><\/a>\t\t\t\t<div class=\"sc_services_item_content\">\n\t\t\t\t\t<h4 class=\"sc_services_item_title\"><a href=\"https:\/\/freshgate.org\/es\/services\/salud-de-la-piel-y-el-cabello\/\">Salud de la piel y el cabello<\/a><\/h4>\n\t\t\t\t\t<div class=\"sc_services_item_description\">\n\t\t\t\t\t\t<p>Las aceitunas negras son ricas en \u00e1cidos grasos y antioxidantes que nutren,<\/p>\t\t\t\t\t<\/div>\n\t\t\t\t<\/div>\n\t\t\t<\/div>\n\t\t<\/div><div class=\"column-1_2 column_padding_bottom\">\t\t\t<div id=\"sc_services_988864134_6\"\t\t\t\tclass=\"sc_services_item sc_services_item_6 even\"\n\t\t\t\t>\n\t\t\t\t<a href=\"https:\/\/freshgate.org\/es\/services\/salud-ocular\/\"><span class=\"services_counter\">6.<\/span><\/a>\t\t\t\t<div class=\"sc_services_item_content\">\n\t\t\t\t\t<h4 class=\"sc_services_item_title\"><a href=\"https:\/\/freshgate.org\/es\/services\/salud-ocular\/\">Salud ocular<\/a><\/h4>\n\t\t\t\t\t<div class=\"sc_services_item_description\">\n\t\t\t\t\t\t<p>Una taza de aceitunas negras contiene el diez por ciento de la cantidad diaria recomendada de vitamina A que<\/p>\t\t\t\t\t<\/div>\n\t\t\t\t<\/div>\n\t\t\t<\/div>\n\t\t<\/div><\/div><\/div><\/div><!-- \/.sc_services --><\/div><!-- \/.sc_services_wrap --><\/div><\/div><\/div>[\/vc_column][\/vc_row][vc_row disable_element=&#8221;yes&#8221; css=&#8221;.vc_custom_1569494127874{padding-bottom: 0.3em !important;}&#8221;][vc_column]<div class=\"sc_section margin_top_medium margin_bottom_large\"><div class=\"sc_section_inner\"><div class=\"sc_section_content_wrap\">[vc_empty_space height=&#8221;1.6em&#8221;]<h2 class=\"sc_title sc_title_iconed sc_align_center margin_top_small\" style=\"text-align:center;\"><span class=\"sc_title_icon sc_title_icon_top  sc_title_icon_large\"><img decoding=\"async\" src=\"https:\/\/freshgate.org\/wp-content\/uploads\/2016\/06\/title_img.png\" alt=\"\" \/><\/span>Our Team<\/h2>[vc_empty_space height=&#8221;0.5em&#8221;]<div id=\"sc_team_2102039227_wrap\" class=\"sc_team_wrap\"><div id=\"sc_team_2102039227\" class=\"sc_team sc_team_style_team-1 \" style=\"width:100%;\"><div class=\"sc_columns columns_wrap\"><\/div><\/div><!-- \/.sc_team --><\/div><!-- \/.sc_team_wrap --><\/div><\/div><\/div>[\/vc_column][\/vc_row][vc_row full_width=&#8221;stretch_row&#8221; disable_element=&#8221;yes&#8221; inverse=&#8221;&#8221; css=&#8221;.vc_custom_1569494174941{background-color: #f9f7f2 !important;}&#8221;][vc_column]<div class=\"sc_section margin_top_null margin_bottom_large aligncenter column-2_3\"><div class=\"sc_section_image\" style=\"background-color: #f9f7f2\"><img loading=\"lazy\" decoding=\"async\" class=\"wp-post-image\" width=\"63\" height=\"46\" alt=\"Depositphotos_5896747_original.png\" src=\"https:\/\/freshgate.org\/wp-content\/uploads\/2016\/06\/Depositphotos_5896747_original-63x46.png\"><\/div><div class=\"sc_section_inner\"><div class=\"sc_section_content_wrap\">[vc_empty_space height=&#8221;0.6em&#8221;]<h2 class=\"sc_title sc_title_iconed sc_align_center margin_top_huge\" style=\"text-align:center;\"><span class=\"sc_title_icon sc_title_icon_top  sc_title_icon_large\"><img decoding=\"async\" src=\"https:\/\/freshgate.org\/wp-content\/uploads\/2016\/06\/title_img.png\" alt=\"\" \/><\/span>Tasting Experience<\/h2>[vc_empty_space height=&#8221;0.5em&#8221;]<video class=\"sc_video\" src=\"https:\/\/player.vimeo.com\/video\/154709932\" width=\"100%\" height=\"\" data-width=\"100%\" data-height=\"\" data-ratio=\"16:9\" poster=\"https:\/\/freshgate.org\/wp-content\/uploads\/2016\/06\/image-13.jpg\" data-image=\"https:\/\/freshgate.org\/wp-content\/uploads\/2016\/06\/image-13.jpg\" data-class=\" top_rated\" style=\"width:100%;\" autoplay=\"autoplay\" controls=\"controls\" loop=\"loop\"><\/video>[vc_empty_space height=&#8221;0.7em&#8221;]<h4 class=\"sc_title sc_title_underline sc_align_center margin_top_small margin_bottom_null\" style=\"text-align:center;\">Passion For Quality<\/h4>[vc_column_text css=&#8221;.vc_custom_1467278419787{margin-top: 0.55em !important;}&#8221;]<\/p>\n<p style=\"text-align: center;\">We love what we do and how we do! We put our care, quality and passion into<br \/>\ncreating our extra virgin olive oil. Our passion pushes us to continually craft the<br \/>\nfreshest extra virgin olive oil.<\/p>\n<p>[\/vc_column_text]<a href=\"\/treee\/\" class=\"sc_button sc_button_square sc_button_style_filled sc_button_size_medium margin_top_small margin_bottom_medium\">View event calendar<\/a><\/div><\/div><\/div>[\/vc_column][\/vc_row][vc_row full_width=&#8221;stretch_row&#8221; disable_element=&#8221;yes&#8221; inverse=&#8221;&#8221; css=&#8221;.vc_custom_1569494187300{padding-top: 4.4em !important;padding-bottom: 5.2em !important;background-image: url(http:\/\/demo.freshgate.org\/wp-content\/uploads\/2016\/06\/background-1.jpg?id=169) !important;}&#8221;][vc_column]<h1 class=\"sc_title sc_title_regular sc_align_center margin_top_huge margin_bottom_huge\" style=\"line-height:1.2;text-align:center;color:#e9e4d0;\">Enjoy Our Lavish Olive Oils And<br \/>\nBalsamic Vinegars!<\/h1>[\/vc_column][\/vc_row]<\/p>\n<\/div>","protected":false},"excerpt":{"rendered":"<p>[vc_row full_width=&#8221;stretch_row&#8221;][vc_column][\/vc_column][\/vc_row][vc_row full_width=&#8221;stretch_row&#8221; inverse=&#8221;&#8221; css=&#8221;.vc_custom_1570015472983{padding-top: 4.4em !important;padding-bottom: 5.2em !important;background-image: url(https:\/\/freshgate.org\/wp-content\/uploads\/2019\/09\/shutterstock_537370735-1-1.jpg?id=830) !important;background-position: center !important;background-repeat: no-repeat !important;background-size: cover !important;}&#8221;][vc_column][\/vc_column][\/vc_row][vc_row full_width=&#8221;stretch_row&#8221; css=&#8221;.vc_custom_1467118389148{padding-bottom: 0.45em !important;background-color: #f9f7f2 !important;}&#8221;][vc_column][\/vc_column][\/vc_row][vc_row full_width=&#8221;stretch_row&#8221; disable_element=&#8221;yes&#8221; inverse=&#8221;&#8221;][vc_column][\/vc_column][\/vc_row][vc_row disable_element=&#8221;yes&#8221; css=&#8221;.vc_custom_1569494093316{padding-top: 1.1em !important;}&#8221;][vc_column][\/vc_column][\/vc_row][vc_row [&hellip;]<\/p>\n","protected":false},"author":1,"featured_media":0,"parent":0,"menu_order":0,"comment_status":"closed","ping_status":"closed","template":"","meta":{"_monsterinsights_skip_tracking":false,"_monsterinsights_sitenote_active":false,"_monsterinsights_sitenote_note":"","_monsterinsights_sitenote_category":0,"footnotes":""},"class_list":["post-973","page","type-page","status-publish","hentry"],"_links":{"self":[{"href":"https:\/\/freshgate.org\/es\/wp-json\/wp\/v2\/pages\/973","targetHints":{"allow":["GET"]}}],"collection":[{"href":"https:\/\/freshgate.org\/es\/wp-json\/wp\/v2\/pages"}],"about":[{"href":"https:\/\/freshgate.org\/es\/wp-json\/wp\/v2\/types\/page"}],"author":[{"embeddable":true,"href":"https:\/\/freshgate.org\/es\/wp-json\/wp\/v2\/users\/1"}],"replies":[{"embeddable":true,"href":"https:\/\/freshgate.org\/es\/wp-json\/wp\/v2\/comments?post=973"}],"version-history":[{"count":8,"href":"https:\/\/freshgate.org\/es\/wp-json\/wp\/v2\/pages\/973\/revisions"}],"predecessor-version":[{"id":1070,"href":"https:\/\/freshgate.org\/es\/wp-json\/wp\/v2\/pages\/973\/revisions\/1070"}],"wp:attachment":[{"href":"https:\/\/freshgate.org\/es\/wp-json\/wp\/v2\/media?parent=973"}],"curies":[{"name":"wp","href":"https:\/\/api.w.org\/{rel}","templated":true}]}}